{"id":201,"date":"2011-07-23T15:53:51","date_gmt":"2011-07-23T15:53:51","guid":{"rendered":"http:\/\/www.vis-mederi.de\/wp\/?page_id=201"},"modified":"2012-10-12T17:07:34","modified_gmt":"2012-10-12T15:07:34","slug":"allgemeines","status":"publish","type":"page","link":"https:\/\/www.vis-mederi.de\/wp\/allgemeines\/","title":{"rendered":"Allgemeines"},"content":{"rendered":"<p><img decoding=\"async\" loading=\"lazy\" class=\"alignleft size-full wp-image-368\" title=\"Intro Therapien\" src=\"http:\/\/www.vis-mederi.de\/wp\/wp-content\/uploads\/2011\/07\/Intro_Therapien2.jpg\" alt=\"\" width=\"600\" height=\"200\" srcset=\"https:\/\/www.vis-mederi.de\/wp\/wp-content\/uploads\/2011\/07\/Intro_Therapien2.jpg 600w, https:\/\/www.vis-mederi.de\/wp\/wp-content\/uploads\/2011\/07\/Intro_Therapien2-300x100.jpg 300w, https:\/\/www.vis-mederi.de\/wp\/wp-content\/uploads\/2011\/07\/Intro_Therapien2-500x166.jpg 500w\" sizes=\"(max-width: 600px) 100vw, 600px\" \/>Die menschliche Natur ist unterschiedlich. Wir helfen Ihnen, die f\u00fcr Sie geeignetste Therapieform zu finden. Je nach &#8230;<\/p>\n<ul type=\"disc\">\n<li>\n<div>Typus \/ Pers\u00f6nlichkeit<\/div>\n<\/li>\n<li>\n<div>Art der Erkrankung<\/div>\n<\/li>\n<li>\n<div>Lebensumstand<\/div>\n<\/li>\n<\/ul>\n<p>&#8230; kann dies sehr verschieden sein. Gerne beraten wir Sie und suchen im gemeinsamen Gespr\u00e4ch nach der f\u00fcr Sie optimalen Behandlungsm\u00f6glichkeit.<\/p>\n<p>Vorab wird eine klinische Untersuchung und Befunderhebung erfolgen. Die ausf\u00fchrliche Anamnese und k\u00f6rperliche Untersuchung ist Voraussetzung, um Ihren pers\u00f6nlichen Therapieplan\u00a0erarbeiten zu k\u00f6nnen. Fach\u00e4rztliche Befunde werden, soweit vorhanden, miteinbezogen.<\/p>\n<p>Die Behandlungen haben die k\u00f6rperliche, seelische und geistige Ausgeglichenheit zum Ziel.\u00a0 Dar\u00fcber hinaus erwerben Sie die F\u00e4higkeit, aktiv an der Erhaltung Ihrer Gesundheit mitzuwirken!<\/p>\n<p>Beachten Sie bitte, dass alle hier vorgestellten Behandlungsmethoden bisher schulmedizinisch-wissenschaftlich nicht anerkannte Verfahren der sogenannten Komplement\u00e4rmedizin sind. Indikationen, Wirkungen etc. beziehen sich auf Erfahrungen und Erkenntnisse innerhalb dieser Therapiemethoden.<\/p>\n<p>Der Inhalt der folgenden Seiten dient nur Ihrer Information und ersetzt keinesfalls einen Besuch beim Heilpraktiker oder Arzt.<\/p>\n<p>F\u00fcr detaillierte Informationen benutzen Sie bitte die Navigationsleiste oder die folgenden Links:<br \/>\n<a title=\"Klassische Hom\u00f6opathie\" href=\"http:\/\/www.vis-mederi.de\/wp\/?page_id=56\">Klassische Hom\u00f6opathie<\/a> | <a title=\"Ohrakupunktur\" href=\"http:\/\/www.vis-mederi.de\/wp\/?page_id=59\">Ohrakupunktur<\/a> | <a title=\"Enderlein Sanum\" href=\"http:\/\/www.vis-mederi.de\/wp\/?page_id=62\">Enderlein Sanum<\/a> | <a title=\"Entgiftung\" href=\"http:\/\/www.vis-mederi.de\/wp\/?page_id=65\">Entgiftung<\/a> | <a title=\"Medi Taping\" href=\"http:\/\/www.vis-mederi.de\/wp\/?page_id=68\">Medi Taping<\/a>\u00a0| <a title=\"Bioresonanz\" href=\"http:\/\/www.vis-mederi.de\/wp\/bioresonanz\/\">Bioresonanz<\/a><\/p>\n<p>&nbsp;<\/p>\n","protected":false},"excerpt":{"rendered":"<p>Die menschliche Natur ist unterschiedlich. Wir helfen Ihnen, die f\u00fcr Sie geeignetste Therapieform zu finden. Je nach &#8230; Typus \/ Pers\u00f6nlichkeit Art der Erkrankung Lebensumstand &#8230; kann dies sehr verschieden sein. Gerne beraten wir Sie und suchen im gemeinsamen Gespr\u00e4ch &hellip; <a href=\"https:\/\/www.vis-mederi.de\/wp\/allgemeines\/\">Weiterlesen <span class=\"meta-nav\">&rarr;<\/span><\/a><\/p>\n","protected":false},"author":1,"featured_media":0,"parent":0,"menu_order":0,"comment_status":"closed","ping_status":"open","template":"","meta":[],"_links":{"self":[{"href":"https:\/\/www.vis-mederi.de\/wp\/wp-json\/wp\/v2\/pages\/201"}],"collection":[{"href":"https:\/\/www.vis-mederi.de\/wp\/wp-json\/wp\/v2\/pages"}],"about":[{"href":"https:\/\/www.vis-mederi.de\/wp\/wp-json\/wp\/v2\/types\/page"}],"author":[{"embeddable":true,"href":"https:\/\/www.vis-mederi.de\/wp\/wp-json\/wp\/v2\/users\/1"}],"replies":[{"embeddable":true,"href":"https:\/\/www.vis-mederi.de\/wp\/wp-json\/wp\/v2\/comments?post=201"}],"version-history":[{"count":13,"href":"https:\/\/www.vis-mederi.de\/wp\/wp-json\/wp\/v2\/pages\/201\/revisions"}],"predecessor-version":[{"id":209,"href":"https:\/\/www.vis-mederi.de\/wp\/wp-json\/wp\/v2\/pages\/201\/revisions\/209"}],"wp:attachment":[{"href":"https:\/\/www.vis-mederi.de\/wp\/wp-json\/wp\/v2\/media?parent=201"}],"curies":[{"name":"wp","href":"https:\/\/api.w.org\/{rel}","templated":true}]}}