{"id":71,"date":"2011-07-21T20:40:10","date_gmt":"2011-07-21T20:40:10","guid":{"rendered":"http:\/\/www.vis-mederi.de\/wp\/?page_id=71"},"modified":"2022-01-19T14:27:54","modified_gmt":"2022-01-19T13:27:54","slug":"preise","status":"publish","type":"page","link":"https:\/\/www.vis-mederi.de\/wp\/preise\/","title":{"rendered":"Preise"},"content":{"rendered":"<h2><img decoding=\"async\" loading=\"lazy\" class=\"alignleft size-full wp-image-376\" title=\"Intro_Preise2\" src=\"http:\/\/www.vis-mederi.de\/wp\/wp-content\/uploads\/2011\/07\/Intro_Preise2.jpg\" alt=\"\" width=\"600\" height=\"200\" srcset=\"https:\/\/www.vis-mederi.de\/wp\/wp-content\/uploads\/2011\/07\/Intro_Preise2.jpg 600w, https:\/\/www.vis-mederi.de\/wp\/wp-content\/uploads\/2011\/07\/Intro_Preise2-300x100.jpg 300w, https:\/\/www.vis-mederi.de\/wp\/wp-content\/uploads\/2011\/07\/Intro_Preise2-500x166.jpg 500w\" sizes=\"(max-width: 600px) 100vw, 600px\" \/><\/h2>\n<p>Die Kosten werden individuell bestimmt und sind abh\u00e4ngig vom Einzelfall. Sie erhalten nach dem Erstgespr\u00e4ch eine genaue Auskunft \u00fcber den zu erwartenden finanziellen Rahmen.<br \/>\nDie Bemessungsgrundlage der Liquidation der Heilpraktikerinnen Kerstin Westphal und Claudia Wollert ist &#8211; einheitlich f\u00fcr alle Patienten \u2013 \u00a0die individuelle Geb\u00fchrenordnung der Naturheilpraxis Vis mederi.<br \/>\nDas unverbindliche Geb\u00fchrenverzeichnis f\u00fcr Heilpraktiker (Geb\u00fcH) kommt nicht zur Anwendung. Da die Geb\u00fchren innerhalb der Geb\u00fchrenordnung f\u00fcr Heilpraktiker (Geb\u00fcH) seit 1985 weder erneuert noch angepasst wurden, sind die Geb\u00fchrens\u00e4tze nicht zeitgem\u00e4\u00df und decken die Aufwendungen der Heilpraktiker nicht ab.<br \/>\n<span style=\"font-weight: 300;\">In der Regel werden die Kosten f\u00fcr die Behandlungen beim Heilpraktiker nicht von den gesetzlichen Krankenkassen \u00fcbernommen.\u00a0<\/span><\/p>\n<p>Im Falle einer Privat- oder Zusatzversicherung sollten Sie sich vorab \u00fcber die Bedingungen einer Kosten\u00fcbernahme informieren.<\/p>\n<p>Das Rechtsverh\u00e4ltnis zwischen Heilpraktiker und Patient begr\u00fcndet sich nach dem Dienstvertragsrecht des B\u00fcrgerlichen Gesetzbuches (BGB).<\/p>\n","protected":false},"excerpt":{"rendered":"<p>Die Kosten werden individuell bestimmt und sind abh\u00e4ngig vom Einzelfall. Sie erhalten nach dem Erstgespr\u00e4ch eine genaue Auskunft \u00fcber den zu erwartenden finanziellen Rahmen. Die Bemessungsgrundlage der Liquidation der Heilpraktikerinnen Kerstin Westphal und Claudia Wollert ist &#8211; einheitlich f\u00fcr alle &hellip; <a href=\"https:\/\/www.vis-mederi.de\/wp\/preise\/\">Weiterlesen <span class=\"meta-nav\">&rarr;<\/span><\/a><\/p>\n","protected":false},"author":1,"featured_media":0,"parent":0,"menu_order":0,"comment_status":"closed","ping_status":"open","template":"","meta":[],"_links":{"self":[{"href":"https:\/\/www.vis-mederi.de\/wp\/wp-json\/wp\/v2\/pages\/71"}],"collection":[{"href":"https:\/\/www.vis-mederi.de\/wp\/wp-json\/wp\/v2\/pages"}],"about":[{"href":"https:\/\/www.vis-mederi.de\/wp\/wp-json\/wp\/v2\/types\/page"}],"author":[{"embeddable":true,"href":"https:\/\/www.vis-mederi.de\/wp\/wp-json\/wp\/v2\/users\/1"}],"replies":[{"embeddable":true,"href":"https:\/\/www.vis-mederi.de\/wp\/wp-json\/wp\/v2\/comments?post=71"}],"version-history":[{"count":21,"href":"https:\/\/www.vis-mederi.de\/wp\/wp-json\/wp\/v2\/pages\/71\/revisions"}],"predecessor-version":[{"id":816,"href":"https:\/\/www.vis-mederi.de\/wp\/wp-json\/wp\/v2\/pages\/71\/revisions\/816"}],"wp:attachment":[{"href":"https:\/\/www.vis-mederi.de\/wp\/wp-json\/wp\/v2\/media?parent=71"}],"curies":[{"name":"wp","href":"https:\/\/api.w.org\/{rel}","templated":true}]}}