{"id":756,"date":"2014-10-09T21:43:57","date_gmt":"2014-10-09T19:43:57","guid":{"rendered":"http:\/\/www.vis-mederi.de\/wp\/?page_id=756"},"modified":"2014-10-09T21:50:25","modified_gmt":"2014-10-09T19:50:25","slug":"dunkelfeldmikroskopie","status":"publish","type":"page","link":"https:\/\/www.vis-mederi.de\/wp\/dunkelfeldmikroskopie\/","title":{"rendered":"Dunkelfeldmikroskopie"},"content":{"rendered":"<p>Mit Hilfe der Dunkelfeldmikroskopie wird unter anderem das aktive, lebende Blut dargestellt. Diese Form der Mikroskopie ist eine seit \u00fcber 250 Jahren bekannte Variante der Lichtmikroskopie. Vor\u00a0einem dunklen Bildhintergrund heben sich die zu beobachtenden Strukturen hell ab. Dadurch k\u00f6nnen von durchsichtigen Objekten mit eigentlich wenig Kontrast dennoch kontrastreiche Bilder erzeugt werden ohne\u00a0vorherige F\u00e4rbung.<br \/>\nG\u00fcnther Enderlein (* 7. Juli1872 in Leipzig; \u2020 11. August1968 in Wentorf bei Hamburg) war\u00a0der Begr\u00fcnder dieses diagnostisches Verfahrens, auch Vitalblutuntersuchung im Dunkelfeld genannt. Enderlein wurde auf Grund seiner Hypothesen zum Konzept des Pleomorphismus, derzufolge sich Zellen, Viren und Bakterien ineinander umwandeln und in unterschiedlicher Erscheinungsform auftreten k\u00f6nnen, bekannt. Die in unserer Praxis ebenfalls genutzte Enderlein-Sanum-Therapie fu\u00dft auf diesen Erkenntnissen.<\/p>\n<p>Die Dunkelfeld-mikroskopische Untersuchung des frisch entnommen, vitalen Blutes ist ein bei uns in der Praxis betriebenes wichtiges diagnostisches Mittel. Sie gibt Aufschluss \u00fcber das &#8222;innere Milieu&#8220; und die Funktionsf\u00e4higkeit der Blutzellen, Endobionten (Eiwei\u00dfk\u00f6rper) und Plasma, in funktioneller als auch in struktureller Hinsicht. So sind zum Beispiel bakterielle Belastungen im Blut sichtbar.<\/p>\n<p><strong>Untersuchungsablauf<\/strong><\/p>\n<p>Mittels einer feinsten Nadel wird ein kleiner Tropfen Blut aus der Fingerbeere entnommen und direkt auf einen Objekttr\u00e4ger gegeben. Ohne Fixierung oder F\u00e4rbung wird mit einem speziellen Dunkelfeld-Mikroskop das Blut direkt nach Blutentnahme zusammen mit dem Patienten \u00fcber Video\u00fcbertragung angesehen und dokumentiert. Nach der Blutentnahme wird das Blut in gewissen Abst\u00e4nden bis zu dessen Zerfall untersucht.<\/p>\n<p>Abgerundet wird das Bild durch die Ergebnisse aus der Testung von Belastungen (bakteriell, viral, parasit\u00e4r, Nahrungsmittelunvertr\u00e4glichkeiten etc.) mit Hilfe der Bioresonanz.<br \/>\nAbschlie\u00dfend wird ein Therapieplan entwickelt.<\/p>\n<p>Diese Vitalblutanalyse eignet sich zum einen zur Feststellung des aktuellen Zustandes des Milieus und gibt damit Aufschluss \u00fcber die immunologische T\u00e4tigkeit, als auch zur Verlaufskontrolle unterschiedlichster Therapien.<\/p>\n<p>&nbsp;<\/p>\n<p>&nbsp;<\/p>\n","protected":false},"excerpt":{"rendered":"<p>Mit Hilfe der Dunkelfeldmikroskopie wird unter anderem das aktive, lebende Blut dargestellt. Diese Form der Mikroskopie ist eine seit \u00fcber 250 Jahren bekannte Variante der Lichtmikroskopie. Vor\u00a0einem dunklen Bildhintergrund heben sich die zu beobachtenden Strukturen hell ab. Dadurch k\u00f6nnen von &hellip; <a href=\"https:\/\/www.vis-mederi.de\/wp\/dunkelfeldmikroskopie\/\">Weiterlesen <span class=\"meta-nav\">&rarr;<\/span><\/a><\/p>\n","protected":false},"author":1,"featured_media":0,"parent":0,"menu_order":0,"comment_status":"closed","ping_status":"open","template":"","meta":[],"_links":{"self":[{"href":"https:\/\/www.vis-mederi.de\/wp\/wp-json\/wp\/v2\/pages\/756"}],"collection":[{"href":"https:\/\/www.vis-mederi.de\/wp\/wp-json\/wp\/v2\/pages"}],"about":[{"href":"https:\/\/www.vis-mederi.de\/wp\/wp-json\/wp\/v2\/types\/page"}],"author":[{"embeddable":true,"href":"https:\/\/www.vis-mederi.de\/wp\/wp-json\/wp\/v2\/users\/1"}],"replies":[{"embeddable":true,"href":"https:\/\/www.vis-mederi.de\/wp\/wp-json\/wp\/v2\/comments?post=756"}],"version-history":[{"count":6,"href":"https:\/\/www.vis-mederi.de\/wp\/wp-json\/wp\/v2\/pages\/756\/revisions"}],"predecessor-version":[{"id":763,"href":"https:\/\/www.vis-mederi.de\/wp\/wp-json\/wp\/v2\/pages\/756\/revisions\/763"}],"wp:attachment":[{"href":"https:\/\/www.vis-mederi.de\/wp\/wp-json\/wp\/v2\/media?parent=756"}],"curies":[{"name":"wp","href":"https:\/\/api.w.org\/{rel}","templated":true}]}}